{"id":32,"date":"2024-08-13T13:51:54","date_gmt":"2024-08-13T11:51:54","guid":{"rendered":"https:\/\/isports.ch\/magazin\/?page_id=32"},"modified":"2026-04-10T17:39:50","modified_gmt":"2026-04-10T15:39:50","slug":"home","status":"publish","type":"page","link":"https:\/\/isports.ch\/magazin\/","title":{"rendered":"Home"},"content":{"rendered":"<div class=\"et_pb_section_0 et_pb_section et_section_regular et_block_section\">\n<div class=\"et_pb_row_0 et_pb_row et_grid_row\">\n<div class=\"et_pb_column_0 et_pb_column et-last-child et_block_column et_pb_css_mix_blend_mode_passthrough\">\n<div class=\"et_pb_text_0 et_pb_text et_pb_bg_layout_light et_pb_module et_flex_module\"><div class=\"et_pb_text_inner\"><h1>isports Magazin<\/h1>\n<p>Ihre Anlauf\u00adstelle f\u00fcr fun\u00addier\u00adtes Trai\u00adnings\u00adwis\u00adsen, Exper\u00adten-Tipps und Inspi\u00adra\u00adtion rund um Fitness und Aus\u00adr\u00fcs\u00adtung. Hier steht Ihr Trai\u00adning im Fokus \u2013 mit detail\u00adlier\u00adten Rat\u00adge\u00adbern, Work\u00adouts und Hin\u00adter\u00adgrund\u00adwis\u00adsen f\u00fcr Ihre sport\u00adli\u00adchen Ziele.<\/p>\n<\/div><\/div>\n\n<div class=\"et_pb_blog_0 et_pb_blog et_pb_bg_layout_light et_pb_posts et_pb_module\"><div class=\"et_pb_ajax_pagination_container\"><div class=\"et_pb_posts et_flex_module\"><article class=\"et_pb_post et_pb_post_id_8145 clearfix et_pb_blog_item_0_0 post-8145 post type-post status-publish format-standard has-post-thumbnail hentry category-ausdauer tag-ausdauertraining-im-alter tag-ergometer tag-fit-im-alter-bleiben tag-heimtrainer-fuer-senioren tag-kaufberatung-heimtrainer-fuer-senioren tag-pedaltrainer-fuer-senioren tag-velo-ergometer\"><a href=\"https:\/\/isports.ch\/magazin\/heimtrainer-fuer-senioren\/\" class=\"entry-featured-image-url\"><img loading=\"lazy\" decoding=\"async\" src=\"https:\/\/isports.ch\/magazin\/wp-content\/uploads\/2026\/04\/heimtrainer-fuer-senioren-mit-tiefem-einstieg-und-rutschfeste-pedale.jpg\" width=\"1080\" height=\"675\" alt=\"Heimtrainer f\u00fcr Senioren mit tiefem Einstieg und rutschfeste Pedale\" class=\"et_pb_post_main_image\"><span data-icon=\"\ue050\" class=\"et_overlay et_pb_inline_icon\"><\/span><\/a><h2 class=\"entry-title\"><a href=\"https:\/\/isports.ch\/magazin\/heimtrainer-fuer-senioren\/\">Heimtrainer f\u00fcr Senioren: Sicher und gelenkschonend im Alter trainieren<\/a><\/h2><p class=\"post-meta\"><span class=\"published\">23. April 2026<\/span> | <span class=\"entry-categories\"><a href=\"https:\/\/isports.ch\/magazin\/category\/ausdauer\/\" rel=\"tag\">Aus\u00addauer<\/a><\/span><\/p><div class=\"post-content\"><div class=\"post-content-inner\"><p>Wer im Alter regel\u00adm\u00e4s\u00adsig in die Pedale tritt, sch\u00fctzt sein Herz, st\u00e4rkt die Bein\u00admus\u00adku\u00adla\u00adtur und h\u00e4lt die Gelenke beweg\u00adlich. Ein Heim\u00adtrai\u00adner f\u00fcr Senio\u00adren gilt als opti\u00adma\u00adles Fit\u00adness\u00adge\u00adr\u00e4t f\u00fcr das Aus\u00addau\u00ader\u00adtrai\u00adning: Er ist gelenk\u00adscho\u00adnend, l\u00e4sst sich\u2026<\/p>\n<\/div><\/div><\/article><\/div><\/div><\/div>\n\n<div class=\"et_pb_blog_1 et_pb_blog et_pb_bg_layout_light et_pb_posts et_pb_module\"><div class=\"et_pb_ajax_pagination_container\"><div class=\"et_pb_posts et_grid_module\"><article class=\"et_pb_post et_pb_post_id_2949 clearfix et_pb_blog_item_1_0 post-2949 post type-post status-publish format-standard has-post-thumbnail hentry category-functional tag-burpee-jumps tag-farmers-carry tag-functional-fitness tag-hybrid-fitness tag-hyrox-stationen tag-hyrox-uebungen tag-hyrox-training tag-rudergeraet tag-sandbag-lunges tag-ski-erg tag-sled-pulls tag-sled-push tag-vorbereitung tag-wall-balls\"><div class=\"et_pb_image_container\"><a href=\"https:\/\/isports.ch\/magazin\/hyrox-training-uebungen-vorbereitung-und-equipment-2\/\" class=\"entry-featured-image-url\"><img loading=\"lazy\" decoding=\"async\" src=\"https:\/\/isports.ch\/magazin\/wp-content\/uploads\/2026\/03\/Hyrox-Training-Frau-macht-sled-pulls.webp\" width=\"400\" height=\"267\" alt=\"Hyrox-Training Frau macht Sled Pulls\" class srcset=\"https:\/\/isports.ch\/magazin\/wp-content\/uploads\/2026\/03\/Hyrox-Training-Frau-macht-sled-pulls.webp 479w, https:\/\/isports.ch\/magazin\/wp-content\/uploads\/2026\/03\/Hyrox-Training-Frau-macht-sled-pulls-768x512.webp 480w\" sizes=\"(max-width:479px) 479px, 100vw\"><span data-icon=\"\ue050\" class=\"et_overlay et_pb_inline_icon\"><\/span><\/a><\/div><h2 class=\"entry-title\"><a href=\"https:\/\/isports.ch\/magazin\/hyrox-training-uebungen-vorbereitung-und-equipment-2\/\">HYROX-Training: \u00dcbungen, Vorbereitung und das richtige Equipment<\/a><\/h2><p class=\"post-meta\"><span class=\"published\">26. M\u00e4rz 2026<\/span> | <span class=\"entry-categories\"><a href=\"https:\/\/isports.ch\/magazin\/category\/functional\/\" rel=\"tag\">Func\u00adtional<\/a><\/span><\/p><div class=\"post-content\"><div class=\"post-content-inner\"><p>HYROX z\u00e4hlt zu den gr\u00f6ss\u00adten Hybrid-Fitness-Wet\u00adt\u00ad\u00adkampf\u00ad\u00adfor\u00ad\u00adma\u00ad\u00adten der Welt. Acht Sta\u00adtio\u00adnen. Acht Kilo\u00adme\u00adter Laufen. Volle Power. Das HYROX-Trai\u00ad\u00adning kom\u00adbi\u00adniert funk\u00adtio\u00adnel\u00adles Kraft\u00adtrai\u00adning mit Inter\u00advall\u00adtrai\u00adning und klas\u00adsi\u00adschen Aus\u00addau\u00ader\u00adele\u00admen\u00adten. Im\u2026<\/p>\n<\/div><\/div><\/article><article class=\"et_pb_post et_pb_post_id_1461 clearfix et_pb_blog_item_1_1 post-1461 post type-post status-publish format-standard has-post-thumbnail hentry category-kraft tag-bulgarian-split-squats tag-bulgarian-split-squats-anleitung tag-bulgarian-split-squats-ausfuehrung tag-bulgarian-split-squats-fehler-vermeiden tag-bulgarian-split-squats-mit-kettlebells tag-bulgarian-split-squats-mit-kurzhanteln tag-bulgarian-split-squats-mit-smith-maschine tag-krafttraining tag-muskelaufbau\"><div class=\"et_pb_image_container\"><a href=\"https:\/\/isports.ch\/magazin\/bulgarian-split-squats-richtige-ausfuehrung\/\" class=\"entry-featured-image-url\"><img loading=\"lazy\" decoding=\"async\" src=\"https:\/\/isports.ch\/magazin\/wp-content\/uploads\/2026\/03\/bulgarian-split-squats-richtig-ausfuehren.jpg\" width=\"400\" height=\"267\" alt=\"Frau macht Bulgarian Split Squats mit Hantelscheiben\" class srcset=\"https:\/\/isports.ch\/magazin\/wp-content\/uploads\/2026\/03\/bulgarian-split-squats-richtig-ausfuehren.jpg 479w, https:\/\/isports.ch\/magazin\/wp-content\/uploads\/2026\/03\/bulgarian-split-squats-richtig-ausfuehren-768x512.jpg 480w\" sizes=\"(max-width:479px) 479px, 100vw\"><span data-icon=\"\ue050\" class=\"et_overlay et_pb_inline_icon\"><\/span><\/a><\/div><h2 class=\"entry-title\"><a href=\"https:\/\/isports.ch\/magazin\/bulgarian-split-squats-richtige-ausfuehrung\/\">Bulgarian Split Squats: Die ultimative \u00dcbung f\u00fcr Po und Beine<\/a><\/h2><p class=\"post-meta\"><span class=\"published\">12. M\u00e4rz 2026<\/span> | <span class=\"entry-categories\"><a href=\"https:\/\/isports.ch\/magazin\/category\/kraft\/\" rel=\"tag\">Kraft<\/a><\/span><\/p><div class=\"post-content\"><div class=\"post-content-inner\"><p>Sie sind auf der Suche nach einer \u00dcbung, die Beine und Ges\u00e4ss gleich\u00adzei\u00adtig kr\u00e4f\u00adtigt, mus\u00adku\u00adl\u00e4re Dys\u00adba\u00adlan\u00adcen auf\u00addeckt und mit mini\u00adma\u00adlem Equip\u00adment funk\u00adtio\u00adniert? Dann geh\u00f6ren Bul\u00adga\u00adrian Split Squats in Ihren Trai\u00adnings\u00adplan. Die bul\u00adga\u00adri\u00adsche Knie\u00adbeuge\u2026<\/p>\n<\/div><\/div><\/article><article class=\"et_pb_post et_pb_post_id_1386 clearfix et_pb_blog_item_1_2 post-1386 post type-post status-publish format-standard has-post-thumbnail hentry category-functional tag-atemtechnik tag-braunes-fettgewebe tag-eisbaden tag-eistonne tag-herz-kreislauf-system tag-immunsystem tag-kaeltereize tag-kaeltetherapie tag-regeneration tag-wim-hof-methode\"><div class=\"et_pb_image_container\"><a href=\"https:\/\/isports.ch\/magazin\/eisbaden-anleitung-und-tipps-fuer-das-eintauchen-in-die-eistonne\/\" class=\"entry-featured-image-url\"><img loading=\"lazy\" decoding=\"async\" src=\"https:\/\/isports.ch\/magazin\/wp-content\/uploads\/2028\/02\/Eisbaden.jpg\" width=\"400\" height=\"221\" alt=\"Eisbaden\" class srcset=\"https:\/\/isports.ch\/magazin\/wp-content\/uploads\/2028\/02\/Eisbaden.jpg 479w, https:\/\/isports.ch\/magazin\/wp-content\/uploads\/2028\/02\/Eisbaden-768x424.jpg 480w\" sizes=\"(max-width:479px) 479px, 100vw\"><span data-icon=\"\ue050\" class=\"et_overlay et_pb_inline_icon\"><\/span><\/a><\/div><h2 class=\"entry-title\"><a href=\"https:\/\/isports.ch\/magazin\/eisbaden-anleitung-und-tipps-fuer-das-eintauchen-in-die-eistonne\/\">Eisbaden: Anleitung und Tipps f\u00fcr das Eintauchen in die Eistonne<\/a><\/h2><p class=\"post-meta\"><span class=\"published\">19. Februar 2026<\/span> | <span class=\"entry-categories\"><a href=\"https:\/\/isports.ch\/magazin\/category\/functional\/\" rel=\"tag\">Func\u00adtional<\/a><\/span><\/p><div class=\"post-content\"><div class=\"post-content-inner\"><p>Weniger als 15 Grad Was\u00adser\u00adtem\u00adpe\u00adra\u00adtur, 90 Sekun\u00adden ein\u00adtau\u00adchen \u2013 und danach ein Gef\u00fchl, als k\u00f6nnte man B\u00e4ume aus\u00adreis\u00adsen. F\u00fcr viele Ath\u00adle\u00adten und Ath\u00adle\u00adtin\u00adnen geh\u00f6rt das Eis\u00adba\u00adden mitt\u00adler\u00adweile zur festen Fit\u00adness\u00adrou\u00adtine. Und daf\u00fcr braucht es keinen\u2026<\/p>\n<\/div><\/div><\/article><article class=\"et_pb_post et_pb_post_id_1269 clearfix et_pb_blog_item_1_3 post-1269 post type-post status-publish format-standard has-post-thumbnail hentry category-kraft tag-ganzkoerpertraining tag-hypertrophie-training tag-muskelaufbau tag-muskelproteinsynthese tag-progressive-ueberlastung tag-proteinzufuhr tag-regeneration tag-trainingsplan tag-trainingsvolumen tag-wiederholungen\"><div class=\"et_pb_image_container\"><a href=\"https:\/\/isports.ch\/magazin\/hypertrophie-training\/\" class=\"entry-featured-image-url\"><img loading=\"lazy\" decoding=\"async\" src=\"https:\/\/isports.ch\/magazin\/wp-content\/uploads\/2027\/10\/hypertrophie-training.jpg\" width=\"400\" height=\"236\" alt=\"Paar beim Hypertrophie-Training\" class srcset=\"https:\/\/isports.ch\/magazin\/wp-content\/uploads\/2027\/10\/hypertrophie-training.jpg 479w, https:\/\/isports.ch\/magazin\/wp-content\/uploads\/2027\/10\/hypertrophie-training-768x452.jpg 480w\" sizes=\"(max-width:479px) 479px, 100vw\"><span data-icon=\"\ue050\" class=\"et_overlay et_pb_inline_icon\"><\/span><\/a><\/div><h2 class=\"entry-title\"><a href=\"https:\/\/isports.ch\/magazin\/hypertrophie-training\/\">Hypertrophie-Training<\/a><\/h2><p class=\"post-meta\"><span class=\"published\">15. Oktober 2025<\/span> | <span class=\"entry-categories\"><a href=\"https:\/\/isports.ch\/magazin\/category\/kraft\/\" rel=\"tag\">Kraft<\/a><\/span><\/p><div class=\"post-content\"><div class=\"post-content-inner\"><p>So kommen Sie nach\u00adhal\u00adtig zu mehr Muskeln Sie w\u00fcn\u00adschen sich eine defi\u00adnierte K\u00f6r\u00adper\u00adform mit einer sicht\u00adbar starken Mus\u00adku\u00adla\u00adtur? Dann ist Hyper\u00ad\u00adtro\u00ad\u00adphie-Trai\u00ad\u00adning genau das Rich\u00adtige f\u00fcr Sie. Dabei ver\u00adgr\u00f6s\u00adsern Sie Ihren Mus\u00adkel\u00adquer\u00adschnitt \u2013 das bedeu\u00adtet, dass\u2026<\/p>\n<\/div><\/div><\/article><article class=\"et_pb_post et_pb_post_id_1147 clearfix et_pb_blog_item_1_4 post-1147 post type-post status-publish format-standard has-post-thumbnail hentry category-functional tag-equipment tag-ganzkoerperuebungen tag-hiit tag-hiit-training tag-intensives-training tag-intervalltraining tag-nachbrenneffekt tag-workout tag-zeiteffizienz\"><div class=\"et_pb_image_container\"><a href=\"https:\/\/isports.ch\/magazin\/hiit-training-fuer-zuhause\/\" class=\"entry-featured-image-url\"><img loading=\"lazy\" decoding=\"async\" src=\"https:\/\/isports.ch\/magazin\/wp-content\/uploads\/2027\/02\/Paar-Krafttraining-2.jpg\" width=\"400\" height=\"210\" alt=\"Paar-Krafttraining-2\" class srcset=\"https:\/\/isports.ch\/magazin\/wp-content\/uploads\/2027\/02\/Paar-Krafttraining-2.jpg 479w, https:\/\/isports.ch\/magazin\/wp-content\/uploads\/2027\/02\/Paar-Krafttraining-2-768x403.jpg 480w\" sizes=\"(max-width:479px) 479px, 100vw\"><span data-icon=\"\ue050\" class=\"et_overlay et_pb_inline_icon\"><\/span><\/a><\/div><h2 class=\"entry-title\"><a href=\"https:\/\/isports.ch\/magazin\/hiit-training-fuer-zuhause\/\">HIIT-Training f\u00fcr Zuhause<\/a><\/h2><p class=\"post-meta\"><span class=\"published\">16. Februar 2025<\/span> | <span class=\"entry-categories\"><a href=\"https:\/\/isports.ch\/magazin\/category\/functional\/\" rel=\"tag\">Func\u00adtional<\/a><\/span><\/p><div class=\"post-content\"><div class=\"post-content-inner\"><p>\u00ab \u00dcbungen, Equip\u00adment-Tipps und Trai\u00adnings\u00adpl\u00e4ne im \u00dcber\u00adblick \u00bb Keine Zeit f\u00fcr das Fit\u00adness\u00adstu\u00addio? Kein Problem! Mit HIIT-Trai\u00ad\u00adning k\u00f6nnen Sie auch zu Hause effek\u00adtiv trai\u00adnie\u00adren \u2013 zeit\u00adspa\u00adrend, inten\u00adsiv und ohne grossen Aufwand. Egal, ob Sie Ihre Aus\u00addauer\u2026<\/p>\n<\/div><\/div><\/article><article class=\"et_pb_post et_pb_post_id_1092 clearfix et_pb_blog_item_1_5 post-1092 post type-post status-publish format-standard has-post-thumbnail hentry category-kraft tag-hantel-uebungen-zu-hause tag-hanteltraining tag-hanteltraining-fuer-frauen tag-korrektes-gewichtetraining tag-krafttraining-fuer-frauen tag-kreuzheben tag-muskelaufbau tag-regeneration\"><div class=\"et_pb_image_container\"><a href=\"https:\/\/isports.ch\/magazin\/kraft-und-hanteltraining-fuer-frauen\/\" class=\"entry-featured-image-url\"><img loading=\"lazy\" decoding=\"async\" src=\"https:\/\/isports.ch\/magazin\/wp-content\/uploads\/2027\/02\/Frau-Hanteltraining-zuhause.jpg\" width=\"400\" height=\"208\" alt=\"Frau-Hanteltraining-zuhause\" class srcset=\"https:\/\/isports.ch\/magazin\/wp-content\/uploads\/2027\/02\/Frau-Hanteltraining-zuhause.jpg 479w, https:\/\/isports.ch\/magazin\/wp-content\/uploads\/2027\/02\/Frau-Hanteltraining-zuhause-768x400.jpg 480w\" sizes=\"(max-width:479px) 479px, 100vw\"><span data-icon=\"\ue050\" class=\"et_overlay et_pb_inline_icon\"><\/span><\/a><\/div><h2 class=\"entry-title\"><a href=\"https:\/\/isports.ch\/magazin\/kraft-und-hanteltraining-fuer-frauen\/\">Kraft- und Hanteltraining f\u00fcr Frauen<\/a><\/h2><p class=\"post-meta\"><span class=\"published\">12. Februar 2025<\/span> | <span class=\"entry-categories\"><a href=\"https:\/\/isports.ch\/magazin\/category\/kraft\/\" rel=\"tag\">Kraft<\/a><\/span><\/p><div class=\"post-content\"><div class=\"post-content-inner\"><p>\u00ab Die belieb\u00adtes\u00adten \u00dcbungen und prak\u00adti\u00adsche Tipps \u00bb Stun\u00adden\u00adlang auf dem Lauf\u00adband alles zu geben oder auf dem Cross\u00adtrai\u00adner zu schwit\u00adzen geh\u00f6rt f\u00fcr viele Frauen zur Trai\u00adnings\u00adrou\u00adtine. Cardio-Work\u00adouts sind gross\u00adar\u00adtig, um Kalo\u00adrien zu ver\u00adbren\u00adnen und die\u2026<\/p>\n<\/div><\/div><\/article><\/div><div class=\"pagination clearfix\">\n\t<div class=\"alignleft\"><a href=\"https:\/\/isports.ch\/magazin\/wp-json\/wp\/v2\/pages\/32\/page\/2\/?et_blog\">\u00ab \u00c4ltere Ein\u00adtr\u00e4ge<\/a><\/div>\n\t<div class=\"alignright\"><\/div>\n<\/div><\/div><\/div>\n<\/div>\n<\/div>\n<\/div>","protected":false},"excerpt":{"rendered":"","protected":false},"author":9,"featured_media":0,"parent":0,"menu_order":0,"comment_status":"closed","ping_status":"closed","template":"","meta":{"wp_typography_post_enhancements_disabled":false,"footnotes":""},"class_list":["post-32","page","type-page","status-publish","hentry"],"yoast_head":"<!-- This site is optimized with the Yoast SEO plugin v27.4 - https:\/\/yoast.com\/product\/yoast-seo-wordpress\/ -->\n<title>isports Magazin - Home of Fitness<\/title>\n<meta name=\"description\" content=\"isports Magazin: Der Ratgeber rund um \u2713 Fitness \u2713 Ausdauer \u2713 Kraft \u2713 Functional \u2713 Boxing und vieles mehr\" \/>\n<meta name=\"robots\" content=\"index, follow, max-snippet:-1, max-image-preview:large, max-video-preview:-1\" \/>\n<link rel=\"canonical\" href=\"https:\/\/isports.ch\/magazin\/\" \/>\n<meta property=\"og:locale\" content=\"de_DE\" \/>\n<meta property=\"og:type\" content=\"article\" \/>\n<meta property=\"og:title\" content=\"isports Magazin - Home of Fitness\" \/>\n<meta property=\"og:description\" content=\"isports Magazin: Der Ratgeber rund um \u2713 Fitness \u2713 Ausdauer \u2713 Kraft \u2713 Functional \u2713 Boxing und vieles mehr\" \/>\n<meta property=\"og:url\" content=\"https:\/\/isports.ch\/magazin\/\" \/>\n<meta property=\"og:site_name\" content=\"isports Magazin\" \/>\n<meta property=\"article:publisher\" content=\"https:\/\/www.facebook.com\/isports.ch\/\" \/>\n<meta property=\"article:modified_time\" content=\"2026-04-10T15:39:50+00:00\" \/>\n<meta property=\"og:image\" content=\"https:\/\/isports.ch\/magazin\/wp-content\/uploads\/2027\/02\/Inspire-FT2-PRO-Kraftstation-Smith-Machine.jpg\" \/>\n\t<meta property=\"og:image:width\" content=\"1280\" \/>\n\t<meta property=\"og:image:height\" content=\"1280\" \/>\n\t<meta property=\"og:image:type\" content=\"image\/jpeg\" \/>\n<meta name=\"twitter:card\" content=\"summary_large_image\" \/>\n<script type=\"application\/ld+json\" class=\"yoast-schema-graph\">{\"@context\":\"https:\\\/\\\/schema.org\",\"@graph\":[{\"@type\":\"WebPage\",\"@id\":\"https:\\\/\\\/isports.ch\\\/magazin\\\/\",\"url\":\"https:\\\/\\\/isports.ch\\\/magazin\\\/\",\"name\":\"isports Magazin - Home of Fitness\",\"isPartOf\":{\"@id\":\"https:\\\/\\\/isports.ch\\\/magazin\\\/#website\"},\"datePublished\":\"2024-08-13T11:51:54+00:00\",\"dateModified\":\"2026-04-10T15:39:50+00:00\",\"description\":\"isports Magazin: Der Ratgeber rund um \u2713 Fitness \u2713 Ausdauer \u2713 Kraft \u2713 Functional \u2713 Boxing und vieles mehr\",\"breadcrumb\":{\"@id\":\"https:\\\/\\\/isports.ch\\\/magazin\\\/#breadcrumb\"},\"inLanguage\":\"de\",\"potentialAction\":[{\"@type\":\"ReadAction\",\"target\":[\"https:\\\/\\\/isports.ch\\\/magazin\\\/\"]}]},{\"@type\":\"BreadcrumbList\",\"@id\":\"https:\\\/\\\/isports.ch\\\/magazin\\\/#breadcrumb\",\"itemListElement\":[{\"@type\":\"ListItem\",\"position\":1,\"name\":\"Startseite\",\"item\":\"https:\\\/\\\/isports.ch\\\/magazin\\\/\"},{\"@type\":\"ListItem\",\"position\":2,\"name\":\"Home\"}]},{\"@type\":\"WebSite\",\"@id\":\"https:\\\/\\\/isports.ch\\\/magazin\\\/#website\",\"url\":\"https:\\\/\\\/isports.ch\\\/magazin\\\/\",\"name\":\"isports Magazin\",\"description\":\"\",\"publisher\":{\"@id\":\"https:\\\/\\\/isports.ch\\\/magazin\\\/#organization\"},\"potentialAction\":[{\"@type\":\"SearchAction\",\"target\":{\"@type\":\"EntryPoint\",\"urlTemplate\":\"https:\\\/\\\/isports.ch\\\/magazin\\\/?s={search_term_string}\"},\"query-input\":{\"@type\":\"PropertyValueSpecification\",\"valueRequired\":true,\"valueName\":\"search_term_string\"}}],\"inLanguage\":\"de\"},{\"@type\":\"Organization\",\"@id\":\"https:\\\/\\\/isports.ch\\\/magazin\\\/#organization\",\"name\":\"isports\",\"url\":\"https:\\\/\\\/isports.ch\\\/magazin\\\/\",\"logo\":{\"@type\":\"ImageObject\",\"inLanguage\":\"de\",\"@id\":\"https:\\\/\\\/isports.ch\\\/magazin\\\/#\\\/schema\\\/logo\\\/image\\\/\",\"url\":\"https:\\\/\\\/isports.ch\\\/magazin\\\/wp-content\\\/uploads\\\/2026\\\/04\\\/isports_logo-1.png\",\"contentUrl\":\"https:\\\/\\\/isports.ch\\\/magazin\\\/wp-content\\\/uploads\\\/2026\\\/04\\\/isports_logo-1.png\",\"width\":1262,\"height\":539,\"caption\":\"isports\"},\"image\":{\"@id\":\"https:\\\/\\\/isports.ch\\\/magazin\\\/#\\\/schema\\\/logo\\\/image\\\/\"},\"sameAs\":[\"https:\\\/\\\/www.facebook.com\\\/isports.ch\\\/\",\"https:\\\/\\\/www.linkedin.com\\\/company\\\/isports-ag\\\/\",\"https:\\\/\\\/www.youtube.com\\\/channel\\\/UCNACX9fPh2lYQ94ikJ0VOGg\\\/videos\",\"https:\\\/\\\/www.instagram.com\\\/isports.ch\\\/\"]}]}<\/script>\n<!-- \/ Yoast SEO plugin. -->","yoast_head_json":{"title":"isports Magazin - Home of Fitness","description":"isports Magazin: Der Ratgeber rund um \u2713 Fitness \u2713 Ausdauer \u2713 Kraft \u2713 Functional \u2713 Boxing und vieles mehr","robots":{"index":"index","follow":"follow","max-snippet":"max-snippet:-1","max-image-preview":"max-image-preview:large","max-video-preview":"max-video-preview:-1"},"canonical":"https:\/\/isports.ch\/magazin\/","og_locale":"de_DE","og_type":"article","og_title":"isports Magazin - Home of Fitness","og_description":"isports Magazin: Der Ratgeber rund um \u2713 Fitness \u2713 Ausdauer \u2713 Kraft \u2713 Functional \u2713 Boxing und vieles mehr","og_url":"https:\/\/isports.ch\/magazin\/","og_site_name":"isports Magazin","article_publisher":"https:\/\/www.facebook.com\/isports.ch\/","article_modified_time":"2026-04-10T15:39:50+00:00","og_image":[{"width":1280,"height":1280,"url":"https:\/\/isports.ch\/magazin\/wp-content\/uploads\/2027\/02\/Inspire-FT2-PRO-Kraftstation-Smith-Machine.jpg","type":"image\/jpeg"}],"twitter_card":"summary_large_image","schema":{"@context":"https:\/\/schema.org","@graph":[{"@type":"WebPage","@id":"https:\/\/isports.ch\/magazin\/","url":"https:\/\/isports.ch\/magazin\/","name":"isports Magazin - Home of Fitness","isPartOf":{"@id":"https:\/\/isports.ch\/magazin\/#website"},"datePublished":"2024-08-13T11:51:54+00:00","dateModified":"2026-04-10T15:39:50+00:00","description":"isports Magazin: Der Ratgeber rund um \u2713 Fitness \u2713 Ausdauer \u2713 Kraft \u2713 Functional \u2713 Boxing und vieles mehr","breadcrumb":{"@id":"https:\/\/isports.ch\/magazin\/#breadcrumb"},"inLanguage":"de","potentialAction":[{"@type":"ReadAction","target":["https:\/\/isports.ch\/magazin\/"]}]},{"@type":"BreadcrumbList","@id":"https:\/\/isports.ch\/magazin\/#breadcrumb","itemListElement":[{"@type":"ListItem","position":1,"name":"Startseite","item":"https:\/\/isports.ch\/magazin\/"},{"@type":"ListItem","position":2,"name":"Home"}]},{"@type":"WebSite","@id":"https:\/\/isports.ch\/magazin\/#website","url":"https:\/\/isports.ch\/magazin\/","name":"isports Magazin","description":"","publisher":{"@id":"https:\/\/isports.ch\/magazin\/#organization"},"potentialAction":[{"@type":"SearchAction","target":{"@type":"EntryPoint","urlTemplate":"https:\/\/isports.ch\/magazin\/?s={search_term_string}"},"query-input":{"@type":"PropertyValueSpecification","valueRequired":true,"valueName":"search_term_string"}}],"inLanguage":"de"},{"@type":"Organization","@id":"https:\/\/isports.ch\/magazin\/#organization","name":"isports","url":"https:\/\/isports.ch\/magazin\/","logo":{"@type":"ImageObject","inLanguage":"de","@id":"https:\/\/isports.ch\/magazin\/#\/schema\/logo\/image\/","url":"https:\/\/isports.ch\/magazin\/wp-content\/uploads\/2026\/04\/isports_logo-1.png","contentUrl":"https:\/\/isports.ch\/magazin\/wp-content\/uploads\/2026\/04\/isports_logo-1.png","width":1262,"height":539,"caption":"isports"},"image":{"@id":"https:\/\/isports.ch\/magazin\/#\/schema\/logo\/image\/"},"sameAs":["https:\/\/www.facebook.com\/isports.ch\/","https:\/\/www.linkedin.com\/company\/isports-ag\/","https:\/\/www.youtube.com\/channel\/UCNACX9fPh2lYQ94ikJ0VOGg\/videos","https:\/\/www.instagram.com\/isports.ch\/"]}]}},"_links":{"self":[{"href":"https:\/\/isports.ch\/magazin\/wp-json\/wp\/v2\/pages\/32","targetHints":{"allow":["GET"]}}],"collection":[{"href":"https:\/\/isports.ch\/magazin\/wp-json\/wp\/v2\/pages"}],"about":[{"href":"https:\/\/isports.ch\/magazin\/wp-json\/wp\/v2\/types\/page"}],"author":[{"embeddable":true,"href":"https:\/\/isports.ch\/magazin\/wp-json\/wp\/v2\/users\/9"}],"replies":[{"embeddable":true,"href":"https:\/\/isports.ch\/magazin\/wp-json\/wp\/v2\/comments?post=32"}],"version-history":[{"count":10,"href":"https:\/\/isports.ch\/magazin\/wp-json\/wp\/v2\/pages\/32\/revisions"}],"predecessor-version":[{"id":7092,"href":"https:\/\/isports.ch\/magazin\/wp-json\/wp\/v2\/pages\/32\/revisions\/7092"}],"wp:attachment":[{"href":"https:\/\/isports.ch\/magazin\/wp-json\/wp\/v2\/media?parent=32"}],"curies":[{"name":"wp","href":"https:\/\/api.w.org\/{rel}","templated":true}]}}