{"id":671,"date":"2024-08-13T13:51:54","date_gmt":"2024-08-13T11:51:54","guid":{"rendered":"https:\/\/isports.ch\/magazin\/home\/"},"modified":"2026-04-10T17:39:55","modified_gmt":"2026-04-10T15:39:55","slug":"home-fr","status":"publish","type":"page","link":"https:\/\/isports.ch\/magazin\/fr\/","title":{"rendered":"Page d\u2019accueil"},"content":{"rendered":"<div class=\"et_pb_section_0 et_pb_section et_section_regular et_block_section\">\n<div class=\"et_pb_row_0 et_pb_row et_grid_row\">\n<div class=\"et_pb_column_0 et_pb_column et-last-child et_block_column et_pb_css_mix_blend_mode_passthrough\">\n<div class=\"et_pb_text_0 et_pb_text et_pb_bg_layout_light et_pb_module et_flex_module\"><div class=\"et_pb_text_inner\"><h1>Magazine isports<\/h1>\n<p><\/p>\n<p>Votre r\u00e9f\u00e9\u00adrence pour des con\u00adseils d\u2019en\u00adtra\u00ee\u00adne\u00adment avis\u00e9s, des astuces d\u2019ex\u00adperts et de l\u2019in\u00adspi\u00adra\u00adtion en mati\u00e8re de fitness et d\u2019\u00e9\u00adqui\u00adpe\u00adment. Ici, votre ent\u00adra\u00ee\u00adne\u00adment est au c\u0153ur de nos pr\u00e9\u00adoc\u00adcu\u00adpa\u00adti\u00adons : vous trou\u00adverez des guides d\u00e9tail\u00adl\u00e9s, des pro\u00adgram\u00admes d\u2019en\u00adtra\u00ee\u00adne\u00adment et des infor\u00adma\u00adti\u00adons de fond pour vous aider \u00e0 att\u00adeindre vos objec\u00adtifs spor\u00adtifs.<\/p>\n<\/div><\/div>\n\n<div class=\"et_pb_blog_0 et_pb_blog et_pb_bg_layout_light et_pb_posts et_pb_module\"><div class=\"et_pb_ajax_pagination_container\"><div class=\"et_pb_posts et_flex_module\"><article class=\"et_pb_post et_pb_post_id_7108 clearfix et_pb_blog_item_0_0 post-7108 post type-post status-publish format-standard has-post-thumbnail hentry category-fonctionnel-fr tag-carry-de-lagriculteur tag-exercices-hyrox tag-fitness-fonctionnel tag-fitness-hybride tag-formation-hyrox tag-preparation tag-rameur tag-sandbag-lunges tag-sauts-de-burpee tag-ski-erg tag-sled-pulls tag-sled-push tag-stations-hyrox tag-wall-balls\"><a href=\"https:\/\/isports.ch\/magazin\/fr\/entrainement-hyrox-exercices-preparation-et-equipement-adequat\/\" class=\"entry-featured-image-url\"><img loading=\"lazy\" decoding=\"async\" src=\"https:\/\/isports.ch\/magazin\/wp-content\/uploads\/2026\/03\/Hyrox-Training-Frau-macht-sled-pulls.webp\" width=\"1013\" height=\"675\" alt=\"Formation Hyrox Femme fait des pulls Sled\" class=\"et_pb_post_main_image\"><span data-icon=\"\ue050\" class=\"et_overlay et_pb_inline_icon\"><\/span><\/a><h2 class=\"entry-title\"><a href=\"https:\/\/isports.ch\/magazin\/fr\/entrainement-hyrox-exercices-preparation-et-equipement-adequat\/\">Entra\u00eenement HYROX : exercices, pr\u00e9paration et \u00e9quipement ad\u00e9quat<\/a><\/h2><p class=\"post-meta\"><span class=\"published\">26. mars 2026<\/span> | <span class=\"entry-categories\"><a href=\"https:\/\/isports.ch\/magazin\/fr\/category\/fonctionnel-fr\/\" rel=\"tag\">Fon\u00adc\u00adtion\u00adnel<\/a><\/span><\/p><div class=\"post-content\"><div class=\"post-content-inner\"><p>HYROX est l\u2019un des plus grands formats de com\u00adp\u00e9\u00adti\u00adtion de fitness hybride au monde. Huit sta\u00adti\u00adons. Huit kilo\u00adm\u00e8\u00adtres de course \u00e0 pied. Pleine puis\u00adsance. L\u2019en\u00adtra\u00ee\u00adne\u00adment HYROX combine un ent\u00adra\u00ee\u00adne\u00adment fon\u00adc\u00adtion\u00adnel de la force avec un ent\u00adra\u00ee\u00adne\u00adment par\u2026<\/p>\n<\/div><\/div><\/article><\/div><\/div><\/div>\n\n<div class=\"et_pb_blog_1 et_pb_blog et_pb_bg_layout_light et_pb_posts et_pb_module\"><div class=\"et_pb_ajax_pagination_container\"><div class=\"et_pb_posts et_grid_module\"><article class=\"et_pb_post et_pb_post_id_1516 clearfix et_pb_blog_item_1_0 post-1516 post type-post status-publish format-standard has-post-thumbnail hentry category-puissance-fr\"><div class=\"et_pb_image_container\"><a href=\"https:\/\/isports.ch\/magazin\/fr\/les-fentes-bulgares-lexercice-ultime-pour-vos-fessiers-et-vos-jambes\/\" class=\"entry-featured-image-url\"><img loading=\"lazy\" decoding=\"async\" src=\"https:\/\/isports.ch\/magazin\/wp-content\/uploads\/2026\/03\/bulgarian-split-squats-richtig-ausfuehren.jpg\" width=\"400\" height=\"267\" alt=\"Frau macht Bulgarian Split Squats mit G\" class srcset=\"https:\/\/isports.ch\/magazin\/wp-content\/uploads\/2026\/03\/bulgarian-split-squats-richtig-ausfuehren.jpg 479w, https:\/\/isports.ch\/magazin\/wp-content\/uploads\/2026\/03\/bulgarian-split-squats-richtig-ausfuehren-768x512.jpg 480w\" sizes=\"(max-width:479px) 479px, 100vw\"><span data-icon=\"\ue050\" class=\"et_overlay et_pb_inline_icon\"><\/span><\/a><\/div><h2 class=\"entry-title\"><a href=\"https:\/\/isports.ch\/magazin\/fr\/les-fentes-bulgares-lexercice-ultime-pour-vos-fessiers-et-vos-jambes\/\">Les fentes bulgares : l\u2019exercice ultime pour vos fessiers et vos jambes<\/a><\/h2><p class=\"post-meta\"><span class=\"published\">12. mars 2026<\/span> | <span class=\"entry-categories\"><a href=\"https:\/\/isports.ch\/magazin\/fr\/category\/puissance-fr\/\" rel=\"tag\">Puis\u00adsance<\/a><\/span><\/p><div class=\"post-content\"><div class=\"post-content-inner\"><p>Vous cher\u00adchez un exer\u00adcice qui ren\u00adforce simul\u00adta\u00adn\u00e9\u00adment vos jambes et vos fes\u00adsiers, qui per\u00admette de d\u00e9tec\u00adter les d\u00e9s\u00e9\u00adqui\u00adli\u00adbres mus\u00adcu\u00adlai\u00adres et qui n\u00e9ces\u00adsite un minimum de mat\u00e9\u00adriel ? Alors les Bul\u00adga\u00adrian Split Squats dev\u00adrai\u00adent faire partie de votre\u2026<\/p>\n<\/div><\/div><\/article><article class=\"et_pb_post et_pb_post_id_1450 clearfix et_pb_blog_item_1_1 post-1450 post type-post status-publish format-standard has-post-thumbnail hentry category-fonctionnel-fr\"><div class=\"et_pb_image_container\"><a href=\"https:\/\/isports.ch\/magazin\/fr\/bain-glace-guide-et-conseils-pour-simmerger-dans-un-tonneau-de-glace\/\" class=\"entry-featured-image-url\"><img loading=\"lazy\" decoding=\"async\" src=\"https:\/\/isports.ch\/magazin\/wp-content\/uploads\/2028\/02\/Eisbaden.jpg\" width=\"400\" height=\"221\" alt=\"Eisbaden\" class srcset=\"https:\/\/isports.ch\/magazin\/wp-content\/uploads\/2028\/02\/Eisbaden.jpg 479w, https:\/\/isports.ch\/magazin\/wp-content\/uploads\/2028\/02\/Eisbaden-768x424.jpg 480w\" sizes=\"(max-width:479px) 479px, 100vw\"><span data-icon=\"\ue050\" class=\"et_overlay et_pb_inline_icon\"><\/span><\/a><\/div><h2 class=\"entry-title\"><a href=\"https:\/\/isports.ch\/magazin\/fr\/bain-glace-guide-et-conseils-pour-simmerger-dans-un-tonneau-de-glace\/\">Bain glac\u00e9 : Guide et conseils pour s\u2019immerger dans un tonneau de glace<\/a><\/h2><p class=\"post-meta\"><span class=\"published\">19. f\u00e9vrier 2026<\/span> | <span class=\"entry-categories\"><a href=\"https:\/\/isports.ch\/magazin\/fr\/category\/fonctionnel-fr\/\" rel=\"tag\">Fon\u00adc\u00adtion\u00adnel<\/a><\/span><\/p><div class=\"post-content\"><div class=\"post-content-inner\"><p>Moins de 15&nbsp;\u00b0C dans l\u2019eau, 90 secon\u00addes d\u2019immersion \u2013 et ensuite une sen\u00adsa\u00adtion de force incroya\u00adble, comme si l\u2019on pouvait arr\u00ada\u00adcher des arbres. Pour de nombreux ath\u00adl\u00e8\u00adtes, le bain glac\u00e9 fait d\u00e9sor\u00admais partie int\u00e9\u00adgrante de leur routine fitness. Et pas\u2026<\/p>\n<\/div><\/div><\/article><article class=\"et_pb_post et_pb_post_id_1352 clearfix et_pb_blog_item_1_2 post-1352 post type-post status-publish format-standard has-post-thumbnail hentry category-puissance-fr\"><div class=\"et_pb_image_container\"><a href=\"https:\/\/isports.ch\/magazin\/fr\/entrainement-en-hypertrophie\/\" class=\"entry-featured-image-url\"><img loading=\"lazy\" decoding=\"async\" src=\"https:\/\/isports.ch\/magazin\/wp-content\/uploads\/2027\/10\/hypertrophie-training.jpg\" width=\"400\" height=\"236\" alt=\"Paar beim \" class srcset=\"https:\/\/isports.ch\/magazin\/wp-content\/uploads\/2027\/10\/hypertrophie-training.jpg 479w, https:\/\/isports.ch\/magazin\/wp-content\/uploads\/2027\/10\/hypertrophie-training-768x452.jpg 480w\" sizes=\"(max-width:479px) 479px, 100vw\"><span data-icon=\"\ue050\" class=\"et_overlay et_pb_inline_icon\"><\/span><\/a><\/div><h2 class=\"entry-title\"><a href=\"https:\/\/isports.ch\/magazin\/fr\/entrainement-en-hypertrophie\/\">Entra\u00eenement en hypertrophie<\/a><\/h2><p class=\"post-meta\"><span class=\"published\">15. octobre 2025<\/span> | <span class=\"entry-categories\"><a href=\"https:\/\/isports.ch\/magazin\/fr\/category\/puissance-fr\/\" rel=\"tag\">Puis\u00adsance<\/a><\/span><\/p><div class=\"post-content\"><div class=\"post-content-inner\"><p>Comment d\u00e9ve\u00adlo\u00adp\u00adper vos muscles de mani\u00e8re durable Vous sou\u00adhai\u00adtez une sil\u00adhou\u00adette d\u00e9finie avec des muscles visi\u00adblem\u00adent puis\u00adsants&nbsp;? Alors, l\u2019ent\u00adra\u00ee\u00adne\u00adment en hyper\u00adtro\u00adphie est fait pour vous. Il aug\u00admente la section trans\u00adver\u00adsale de vos muscles \u2013\u2026<\/p>\n<\/div><\/div><\/article><article class=\"et_pb_post et_pb_post_id_1242 clearfix et_pb_blog_item_1_3 post-1242 post type-post status-publish format-standard has-post-thumbnail hentry category-fonctionnel-fr\"><div class=\"et_pb_image_container\"><a href=\"https:\/\/isports.ch\/magazin\/fr\/entrainement-hiit-a-domicile\/\" class=\"entry-featured-image-url\"><img loading=\"lazy\" decoding=\"async\" src=\"https:\/\/isports.ch\/magazin\/wp-content\/uploads\/2027\/02\/Paar-Krafttraining-2.jpg\" width=\"400\" height=\"210\" alt=\"Paar-Krafttraining-2\" class srcset=\"https:\/\/isports.ch\/magazin\/wp-content\/uploads\/2027\/02\/Paar-Krafttraining-2.jpg 479w, https:\/\/isports.ch\/magazin\/wp-content\/uploads\/2027\/02\/Paar-Krafttraining-2-768x403.jpg 480w\" sizes=\"(max-width:479px) 479px, 100vw\"><span data-icon=\"\ue050\" class=\"et_overlay et_pb_inline_icon\"><\/span><\/a><\/div><h2 class=\"entry-title\"><a href=\"https:\/\/isports.ch\/magazin\/fr\/entrainement-hiit-a-domicile\/\">Entra\u00eenement HIIT \u00e0 domicile<\/a><\/h2><p class=\"post-meta\"><span class=\"published\">16. f\u00e9vrier 2025<\/span> | <span class=\"entry-categories\"><a href=\"https:\/\/isports.ch\/magazin\/fr\/category\/fonctionnel-fr\/\" rel=\"tag\">Fon\u00adc\u00adtion\u00adnel<\/a><\/span><\/p><div class=\"post-content\"><div class=\"post-content-inner\"><p>\u00ab Exer\u00adci\u00adces, con\u00adseils sur l\u2019\u00e9quipement et plans d\u2019entra\u00eenement en un coup d\u2019\u0153il \u00bb Pas le temps d\u2019aller \u00e0 la salle de sport ? Pas de pro\u00adbl\u00e8me ! Avec l\u2019en\u00adtra\u00ee\u00adne\u00adment HIIT, vous pouvez vous ent\u00adra\u00ee\u00adner effi\u00adca\u00adce\u00adment \u00e0 domic\u00adile \u2013 de mani\u00e8re inten\u00adsive, rapide et\u2026<\/p>\n<\/div><\/div><\/article><article class=\"et_pb_post et_pb_post_id_1230 clearfix et_pb_blog_item_1_4 post-1230 post type-post status-publish format-standard has-post-thumbnail hentry category-puissance-fr\"><div class=\"et_pb_image_container\"><a href=\"https:\/\/isports.ch\/magazin\/fr\/entrainement-de-la-force-et-des-halteres-pour-les-femmes\/\" class=\"entry-featured-image-url\"><img loading=\"lazy\" decoding=\"async\" src=\"https:\/\/isports.ch\/magazin\/wp-content\/uploads\/2027\/02\/Frau-Hanteltraining-zuhause.jpg\" width=\"400\" height=\"208\" alt=\"Femme-entra\u00eenement aux halt\u00e8res \u00e0 domicile\" class srcset=\"https:\/\/isports.ch\/magazin\/wp-content\/uploads\/2027\/02\/Frau-Hanteltraining-zuhause.jpg 479w, https:\/\/isports.ch\/magazin\/wp-content\/uploads\/2027\/02\/Frau-Hanteltraining-zuhause-768x400.jpg 480w\" sizes=\"(max-width:479px) 479px, 100vw\"><span data-icon=\"\ue050\" class=\"et_overlay et_pb_inline_icon\"><\/span><\/a><\/div><h2 class=\"entry-title\"><a href=\"https:\/\/isports.ch\/magazin\/fr\/entrainement-de-la-force-et-des-halteres-pour-les-femmes\/\">Entra\u00eenement de la force et des halt\u00e8res pour les femmes<\/a><\/h2><p class=\"post-meta\"><span class=\"published\">12. f\u00e9vrier 2025<\/span> | <span class=\"entry-categories\"><a href=\"https:\/\/isports.ch\/magazin\/fr\/category\/puissance-fr\/\" rel=\"tag\">Puis\u00adsance<\/a><\/span><\/p><div class=\"post-content\"><div class=\"post-content-inner\"><p>\u00ab Les exer\u00adci\u00adces les plus popu\u00adlai\u00adres et des con\u00adseils pra\u00adti\u00adques \u00bb Passer des heures \u00e0 donner le meil\u00adleur de soi-m\u00eame sur le tapis de course ou \u00e0 tran\u00adspi\u00adrer sur le v\u00e9lo ellip\u00adtique fait partie de la routine d\u2019en\u00adtra\u00ee\u00adne\u00adment de nombreu\u00adses femmes. Les ent\u00adra\u00ee\u00adne\u00adments\u2026<\/p>\n<\/div><\/div><\/article><article class=\"et_pb_post et_pb_post_id_1226 clearfix et_pb_blog_item_1_5 post-1226 post type-post status-publish format-standard has-post-thumbnail hentry category-puissance-fr tag-cardio-fr\"><div class=\"et_pb_image_container\"><a href=\"https:\/\/isports.ch\/magazin\/fr\/perdre-du-poids-avec-des-halteres-et-lentrainement-en-force\/\" class=\"entry-featured-image-url\"><img loading=\"lazy\" decoding=\"async\" src=\"https:\/\/isports.ch\/magazin\/wp-content\/uploads\/2027\/01\/Abnehmen-mit-Hantel-und-Krafttraining.jpg\" width=\"400\" height=\"229\" alt=\"Perdre du poids gr\u00e2ce aux halt\u00e8res et \u00e0 la musculation\" class srcset=\"https:\/\/isports.ch\/magazin\/wp-content\/uploads\/2027\/01\/Abnehmen-mit-Hantel-und-Krafttraining.jpg 479w, https:\/\/isports.ch\/magazin\/wp-content\/uploads\/2027\/01\/Abnehmen-mit-Hantel-und-Krafttraining-768x440.jpg 480w\" sizes=\"(max-width:479px) 479px, 100vw\"><span data-icon=\"\ue050\" class=\"et_overlay et_pb_inline_icon\"><\/span><\/a><\/div><h2 class=\"entry-title\"><a href=\"https:\/\/isports.ch\/magazin\/fr\/perdre-du-poids-avec-des-halteres-et-lentrainement-en-force\/\">Perdre du poids avec des halt\u00e8res et l\u2019entra\u00eenement en force<\/a><\/h2><p class=\"post-meta\"><span class=\"published\">25. janvier 2025<\/span> | <span class=\"entry-categories\"><a href=\"https:\/\/isports.ch\/magazin\/fr\/category\/puissance-fr\/\" rel=\"tag\">Puis\u00adsance<\/a><\/span><\/p><div class=\"post-content\"><div class=\"post-content-inner\"><p>\u00ab Est-ce vrai\u00adment effi\u00adcace ? \u00bb Si vous envi\u00adsa\u00adgez de perdre quel\u00adques kilos et de r\u00e9duire votre graisse abdo\u00admi\u00adnale, vous pensez pro\u00adba\u00adblem\u00adent d\u2019abord aux s\u00e9ances de cardio sur le tapis de course, le v\u00e9lo d\u2019ap\u00adpar\u00adte\u00adment ou le v\u00e9los ellip\u00adti\u00adques. Mais\u2026<\/p>\n<\/div><\/div><\/article><\/div><div class=\"pagination clearfix\">\n\t<div class=\"alignleft\"><a href=\"https:\/\/isports.ch\/magazin\/fr\/wp-json\/wp\/v2\/pages\/671\/page\/2\/?et_blog\">\u00ab Entr\u00e9es Plus Anci\u00aden\u00adnes<\/a><\/div>\n\t<div class=\"alignright\"><\/div>\n<\/div><\/div><\/div>\n<\/div>\n<\/div>\n<\/div>","protected":false},"excerpt":{"rendered":"","protected":false},"author":9,"featured_media":0,"parent":0,"menu_order":0,"comment_status":"closed","ping_status":"closed","template":"","meta":{"wp_typography_post_enhancements_disabled":false,"footnotes":""},"class_list":["post-671","page","type-page","status-publish","hentry"],"yoast_head":"<!-- This site is optimized with the Yoast SEO plugin v27.4 - https:\/\/yoast.com\/product\/yoast-seo-wordpress\/ -->\n<title>Magazine isports<\/title>\n<meta name=\"description\" content=\"Magazine isports : le guide complet sur \u2713 le fitness \u2713 l&#039;endurance \u2713 la musculation \u2713 le fitness fonctionnel \u2713 la boxe et bien plus encore\" \/>\n<meta name=\"robots\" content=\"index, follow, max-snippet:-1, max-image-preview:large, max-video-preview:-1\" \/>\n<link rel=\"canonical\" href=\"https:\/\/isports.ch\/magazin\/fr\/\" \/>\n<meta property=\"og:locale\" content=\"fr_FR\" \/>\n<meta property=\"og:type\" content=\"article\" \/>\n<meta property=\"og:title\" content=\"Magazine isports\" \/>\n<meta property=\"og:description\" content=\"Magazine isports : le guide complet sur \u2713 le fitness \u2713 l&#039;endurance \u2713 la musculation \u2713 le fitness fonctionnel \u2713 la boxe et bien plus encore\" \/>\n<meta property=\"og:url\" content=\"https:\/\/isports.ch\/magazin\/fr\/\" \/>\n<meta property=\"og:site_name\" content=\"isports Magazin\" \/>\n<meta property=\"article:publisher\" content=\"https:\/\/www.facebook.com\/isports.ch\/\" \/>\n<meta property=\"article:modified_time\" content=\"2026-04-10T15:39:55+00:00\" \/>\n<meta property=\"og:image\" content=\"https:\/\/isports.ch\/magazin\/wp-content\/uploads\/2027\/02\/Inspire-FT2-PRO-Kraftstation-Smith-Machine.jpg\" \/>\n\t<meta property=\"og:image:width\" content=\"1280\" \/>\n\t<meta property=\"og:image:height\" content=\"1280\" \/>\n\t<meta property=\"og:image:type\" content=\"image\/jpeg\" \/>\n<meta name=\"twitter:card\" content=\"summary_large_image\" \/>\n<script type=\"application\/ld+json\" class=\"yoast-schema-graph\">{\"@context\":\"https:\\\/\\\/schema.org\",\"@graph\":[{\"@type\":\"WebPage\",\"@id\":\"https:\\\/\\\/isports.ch\\\/magazin\\\/fr\\\/\",\"url\":\"https:\\\/\\\/isports.ch\\\/magazin\\\/fr\\\/\",\"name\":\"Magazine isports\",\"isPartOf\":{\"@id\":\"https:\\\/\\\/isports.ch\\\/magazin\\\/#website\"},\"datePublished\":\"2024-08-13T11:51:54+00:00\",\"dateModified\":\"2026-04-10T15:39:55+00:00\",\"description\":\"Magazine isports : le guide complet sur \u2713 le fitness \u2713 l'endurance \u2713 la musculation \u2713 le fitness fonctionnel \u2713 la boxe et bien plus encore\",\"breadcrumb\":{\"@id\":\"https:\\\/\\\/isports.ch\\\/magazin\\\/fr\\\/#breadcrumb\"},\"inLanguage\":\"fr-FR\",\"potentialAction\":[{\"@type\":\"ReadAction\",\"target\":[\"https:\\\/\\\/isports.ch\\\/magazin\\\/fr\\\/\"]}]},{\"@type\":\"BreadcrumbList\",\"@id\":\"https:\\\/\\\/isports.ch\\\/magazin\\\/fr\\\/#breadcrumb\",\"itemListElement\":[{\"@type\":\"ListItem\",\"position\":1,\"name\":\"Startseite\",\"item\":\"https:\\\/\\\/isports.ch\\\/magazin\\\/fr\\\/\"},{\"@type\":\"ListItem\",\"position\":2,\"name\":\"Page d\u2019accueil\"}]},{\"@type\":\"WebSite\",\"@id\":\"https:\\\/\\\/isports.ch\\\/magazin\\\/#website\",\"url\":\"https:\\\/\\\/isports.ch\\\/magazin\\\/\",\"name\":\"isports Magazin\",\"description\":\"\",\"publisher\":{\"@id\":\"https:\\\/\\\/isports.ch\\\/magazin\\\/#organization\"},\"potentialAction\":[{\"@type\":\"SearchAction\",\"target\":{\"@type\":\"EntryPoint\",\"urlTemplate\":\"https:\\\/\\\/isports.ch\\\/magazin\\\/?s={search_term_string}\"},\"query-input\":{\"@type\":\"PropertyValueSpecification\",\"valueRequired\":true,\"valueName\":\"search_term_string\"}}],\"inLanguage\":\"fr-FR\"},{\"@type\":\"Organization\",\"@id\":\"https:\\\/\\\/isports.ch\\\/magazin\\\/#organization\",\"name\":\"isports\",\"url\":\"https:\\\/\\\/isports.ch\\\/magazin\\\/\",\"logo\":{\"@type\":\"ImageObject\",\"inLanguage\":\"fr-FR\",\"@id\":\"https:\\\/\\\/isports.ch\\\/magazin\\\/#\\\/schema\\\/logo\\\/image\\\/\",\"url\":\"https:\\\/\\\/isports.ch\\\/magazin\\\/wp-content\\\/uploads\\\/2026\\\/04\\\/isports_logo-1.png\",\"contentUrl\":\"https:\\\/\\\/isports.ch\\\/magazin\\\/wp-content\\\/uploads\\\/2026\\\/04\\\/isports_logo-1.png\",\"width\":1262,\"height\":539,\"caption\":\"isports\"},\"image\":{\"@id\":\"https:\\\/\\\/isports.ch\\\/magazin\\\/#\\\/schema\\\/logo\\\/image\\\/\"},\"sameAs\":[\"https:\\\/\\\/www.facebook.com\\\/isports.ch\\\/\",\"https:\\\/\\\/www.linkedin.com\\\/company\\\/isports-ag\\\/\",\"https:\\\/\\\/www.youtube.com\\\/channel\\\/UCNACX9fPh2lYQ94ikJ0VOGg\\\/videos\",\"https:\\\/\\\/www.instagram.com\\\/isports.ch\\\/\"]}]}<\/script>\n<!-- \/ Yoast SEO plugin. -->","yoast_head_json":{"title":"Magazine isports","description":"Magazine isports : le guide complet sur \u2713 le fitness \u2713 l'endurance \u2713 la musculation \u2713 le fitness fonctionnel \u2713 la boxe et bien plus encore","robots":{"index":"index","follow":"follow","max-snippet":"max-snippet:-1","max-image-preview":"max-image-preview:large","max-video-preview":"max-video-preview:-1"},"canonical":"https:\/\/isports.ch\/magazin\/fr\/","og_locale":"fr_FR","og_type":"article","og_title":"Magazine isports","og_description":"Magazine isports : le guide complet sur \u2713 le fitness \u2713 l'endurance \u2713 la musculation \u2713 le fitness fonctionnel \u2713 la boxe et bien plus encore","og_url":"https:\/\/isports.ch\/magazin\/fr\/","og_site_name":"isports Magazin","article_publisher":"https:\/\/www.facebook.com\/isports.ch\/","article_modified_time":"2026-04-10T15:39:55+00:00","og_image":[{"width":1280,"height":1280,"url":"https:\/\/isports.ch\/magazin\/wp-content\/uploads\/2027\/02\/Inspire-FT2-PRO-Kraftstation-Smith-Machine.jpg","type":"image\/jpeg"}],"twitter_card":"summary_large_image","schema":{"@context":"https:\/\/schema.org","@graph":[{"@type":"WebPage","@id":"https:\/\/isports.ch\/magazin\/fr\/","url":"https:\/\/isports.ch\/magazin\/fr\/","name":"Magazine isports","isPartOf":{"@id":"https:\/\/isports.ch\/magazin\/#website"},"datePublished":"2024-08-13T11:51:54+00:00","dateModified":"2026-04-10T15:39:55+00:00","description":"Magazine isports : le guide complet sur \u2713 le fitness \u2713 l'endurance \u2713 la musculation \u2713 le fitness fonctionnel \u2713 la boxe et bien plus encore","breadcrumb":{"@id":"https:\/\/isports.ch\/magazin\/fr\/#breadcrumb"},"inLanguage":"fr-FR","potentialAction":[{"@type":"ReadAction","target":["https:\/\/isports.ch\/magazin\/fr\/"]}]},{"@type":"BreadcrumbList","@id":"https:\/\/isports.ch\/magazin\/fr\/#breadcrumb","itemListElement":[{"@type":"ListItem","position":1,"name":"Startseite","item":"https:\/\/isports.ch\/magazin\/fr\/"},{"@type":"ListItem","position":2,"name":"Page d\u2019accueil"}]},{"@type":"WebSite","@id":"https:\/\/isports.ch\/magazin\/#website","url":"https:\/\/isports.ch\/magazin\/","name":"isports Magazin","description":"","publisher":{"@id":"https:\/\/isports.ch\/magazin\/#organization"},"potentialAction":[{"@type":"SearchAction","target":{"@type":"EntryPoint","urlTemplate":"https:\/\/isports.ch\/magazin\/?s={search_term_string}"},"query-input":{"@type":"PropertyValueSpecification","valueRequired":true,"valueName":"search_term_string"}}],"inLanguage":"fr-FR"},{"@type":"Organization","@id":"https:\/\/isports.ch\/magazin\/#organization","name":"isports","url":"https:\/\/isports.ch\/magazin\/","logo":{"@type":"ImageObject","inLanguage":"fr-FR","@id":"https:\/\/isports.ch\/magazin\/#\/schema\/logo\/image\/","url":"https:\/\/isports.ch\/magazin\/wp-content\/uploads\/2026\/04\/isports_logo-1.png","contentUrl":"https:\/\/isports.ch\/magazin\/wp-content\/uploads\/2026\/04\/isports_logo-1.png","width":1262,"height":539,"caption":"isports"},"image":{"@id":"https:\/\/isports.ch\/magazin\/#\/schema\/logo\/image\/"},"sameAs":["https:\/\/www.facebook.com\/isports.ch\/","https:\/\/www.linkedin.com\/company\/isports-ag\/","https:\/\/www.youtube.com\/channel\/UCNACX9fPh2lYQ94ikJ0VOGg\/videos","https:\/\/www.instagram.com\/isports.ch\/"]}]}},"_links":{"self":[{"href":"https:\/\/isports.ch\/magazin\/fr\/wp-json\/wp\/v2\/pages\/671","targetHints":{"allow":["GET"]}}],"collection":[{"href":"https:\/\/isports.ch\/magazin\/fr\/wp-json\/wp\/v2\/pages"}],"about":[{"href":"https:\/\/isports.ch\/magazin\/fr\/wp-json\/wp\/v2\/types\/page"}],"author":[{"embeddable":true,"href":"https:\/\/isports.ch\/magazin\/fr\/wp-json\/wp\/v2\/users\/9"}],"replies":[{"embeddable":true,"href":"https:\/\/isports.ch\/magazin\/fr\/wp-json\/wp\/v2\/comments?post=671"}],"version-history":[{"count":10,"href":"https:\/\/isports.ch\/magazin\/fr\/wp-json\/wp\/v2\/pages\/671\/revisions"}],"predecessor-version":[{"id":7096,"href":"https:\/\/isports.ch\/magazin\/fr\/wp-json\/wp\/v2\/pages\/671\/revisions\/7096"}],"wp:attachment":[{"href":"https:\/\/isports.ch\/magazin\/fr\/wp-json\/wp\/v2\/media?parent=671"}],"curies":[{"name":"wp","href":"https:\/\/api.w.org\/{rel}","templated":true}]}}